{"id":3564,"date":"2025-06-27T16:44:35","date_gmt":"2025-06-27T19:44:35","guid":{"rendered":"https:\/\/latte.com.br\/?page_id=3564"},"modified":"2025-06-30T13:22:01","modified_gmt":"2025-06-30T16:22:01","slug":"website","status":"publish","type":"page","link":"https:\/\/latte.com.br\/en\/website\/","title":{"rendered":"Websites"},"content":{"rendered":"\t\t<div data-elementor-type=\"wp-page\" data-elementor-id=\"3564\" class=\"elementor elementor-3564\" data-elementor-post-type=\"page\">\n\t\t\t\t\t\t<section class=\"elementor-section elementor-top-section elementor-element elementor-element-38337e3 elementor-section-height-min-height elementor-section-items-top elementor-section-content-top section-dark elementor-section-boxed elementor-section-height-default\" data-id=\"38337e3\" data-element_type=\"section\" data-e-type=\"section\" data-settings=\"{&quot;background_background&quot;:&quot;video&quot;,&quot;background_video_link&quot;:&quot;https:\\\/\\\/latte.com.br\\\/wp-content\\\/uploads\\\/2021\\\/01\\\/blur-colorido.mp4&quot;}\">\n\t\t\t\t\t\t\t\t<div class=\"elementor-background-video-container elementor-hidden-mobile\">\n\t\t\t\t\t\t\t\t\t\t\t\t\t<video class=\"elementor-background-video-hosted\" role=\"presentation\" autoplay muted playsinline loop><\/video>\n\t\t\t\t\t\t\t\t\t\t\t<\/div>\n\t\t\t\t\t\t\t\t\t<div class=\"elementor-background-overlay\"><\/div>\n\t\t\t\t\t\t\t<div class=\"elementor-container elementor-column-gap-default\">\n\t\t\t\t\t<div class=\"elementor-column elementor-col-100 elementor-top-column elementor-element elementor-element-5e4ab87\" data-id=\"5e4ab87\" data-element_type=\"column\" data-e-type=\"column\">\n\t\t\t<div class=\"elementor-widget-wrap elementor-element-populated\">\n\t\t\t\t\t\t<section class=\"elementor-section elementor-inner-section elementor-element elementor-element-f381711 elementor-section-boxed elementor-section-height-default elementor-section-height-default\" data-id=\"f381711\" data-element_type=\"section\" data-e-type=\"section\">\n\t\t\t\t\t\t<div class=\"elementor-container elementor-column-gap-default\">\n\t\t\t\t\t<div class=\"elementor-column elementor-col-50 elementor-inner-column elementor-element elementor-element-3a97b61\" data-id=\"3a97b61\" data-element_type=\"column\" data-e-type=\"column\">\n\t\t\t<div class=\"elementor-widget-wrap elementor-element-populated\">\n\t\t\t\t\t\t<div class=\"elementor-element elementor-element-6b0ac49 elementor-invisible elementor-widget elementor-widget-heading\" data-id=\"6b0ac49\" data-element_type=\"widget\" data-e-type=\"widget\" data-settings=\"{&quot;_animation&quot;:&quot;fadeInUp&quot;}\" data-widget_type=\"heading.default\">\n\t\t\t\t<div class=\"elementor-widget-container\">\n\t\t\t\t\t<h1 class=\"elementor-heading-title elementor-size-default\">Websites<\/h1>\t\t\t\t<\/div>\n\t\t\t\t<\/div>\n\t\t\t\t<div class=\"elementor-element elementor-element-b2eebe9 elementor-invisible elementor-widget elementor-widget-text-editor\" data-id=\"b2eebe9\" data-element_type=\"widget\" data-e-type=\"widget\" data-settings=\"{&quot;_animation&quot;:&quot;fadeInUp&quot;,&quot;_animation_delay&quot;:600}\" data-widget_type=\"text-editor.default\">\n\t\t\t\t<div class=\"elementor-widget-container\">\n\t\t\t\t\t\t\t\t\t<p>Cria\u00e7\u00e3o e desenvolvimento de sites e landing pages para marcas e campanhas que desejam se expressar com autenticidade no meio digital. Est\u00e9tica flu\u00edda, impacto visual alinhados \u00e0 estrat\u00e9gia de mercado e tend\u00eancias de design.<\/p>\t\t\t\t\t\t\t\t<\/div>\n\t\t\t\t<\/div>\n\t\t\t\t<div class=\"elementor-element elementor-element-2f94560 elementor-view-default elementor-invisible elementor-widget elementor-widget-icon\" data-id=\"2f94560\" data-element_type=\"widget\" data-e-type=\"widget\" data-settings=\"{&quot;_animation&quot;:&quot;fadeInDown&quot;,&quot;_animation_delay&quot;:1500}\" data-widget_type=\"icon.default\">\n\t\t\t\t<div class=\"elementor-widget-container\">\n\t\t\t\t\t\t\t<div class=\"elementor-icon-wrapper\">\n\t\t\t<div class=\"elementor-icon\">\n\t\t\t<svg aria-hidden=\"true\" class=\"e-font-icon-svg e-fas-arrow-down\" viewBox=\"0 0 448 512\" xmlns=\"http:\/\/www.w3.org\/2000\/svg\"><path d=\"M413.1 222.5l22.2 22.2c9.4 9.4 9.4 24.6 0 33.9L241 473c-9.4 9.4-24.6 9.4-33.9 0L12.7 278.6c-9.4-9.4-9.4-24.6 0-33.9l22.2-22.2c9.5-9.5 25-9.3 34.3.4L184 343.4V56c0-13.3 10.7-24 24-24h32c13.3 0 24 10.7 24 24v287.4l114.8-120.5c9.3-9.8 24.8-10 34.3-.4z\"><\/path><\/svg>\t\t\t<\/div>\n\t\t<\/div>\n\t\t\t\t\t\t<\/div>\n\t\t\t\t<\/div>\n\t\t\t\t\t<\/div>\n\t\t<\/div>\n\t\t\t\t<div class=\"elementor-column elementor-col-50 elementor-inner-column elementor-element elementor-element-c3d321e\" data-id=\"c3d321e\" data-element_type=\"column\" data-e-type=\"column\">\n\t\t\t<div class=\"elementor-widget-wrap elementor-element-populated\">\n\t\t\t\t\t\t<div class=\"elementor-element elementor-element-3d6a689 elementor-invisible elementor-widget elementor-widget-image\" data-id=\"3d6a689\" data-element_type=\"widget\" data-e-type=\"widget\" data-settings=\"{&quot;_animation&quot;:&quot;fadeInUp&quot;,&quot;_animation_mobile&quot;:&quot;fadeInUp&quot;}\" data-widget_type=\"image.default\">\n\t\t\t\t<div class=\"elementor-widget-container\">\n\t\t\t\t\t\t\t\t\t\t\t\t\t\t\t<img fetchpriority=\"high\" decoding=\"async\" width=\"800\" height=\"800\" src=\"https:\/\/latte.com.br\/wp-content\/uploads\/2025\/06\/site-wordpress2-1-1024x1024.jpg\" class=\"attachment-large size-large wp-image-3603\" alt=\"\" srcset=\"https:\/\/latte.com.br\/wp-content\/uploads\/2025\/06\/site-wordpress2-1-1024x1024.jpg 1024w, https:\/\/latte.com.br\/wp-content\/uploads\/2025\/06\/site-wordpress2-1-300x300.jpg 300w, https:\/\/latte.com.br\/wp-content\/uploads\/2025\/06\/site-wordpress2-1-150x150.jpg 150w, https:\/\/latte.com.br\/wp-content\/uploads\/2025\/06\/site-wordpress2-1-768x768.jpg 768w, https:\/\/latte.com.br\/wp-content\/uploads\/2025\/06\/site-wordpress2-1-12x12.jpg 12w, https:\/\/latte.com.br\/wp-content\/uploads\/2025\/06\/site-wordpress2-1.jpg 1200w\" sizes=\"(max-width: 800px) 100vw, 800px\" title=\"\">\t\t\t\t\t\t\t\t\t\t\t\t\t\t\t<\/div>\n\t\t\t\t<\/div>\n\t\t\t\t\t<\/div>\n\t\t<\/div>\n\t\t\t\t\t<\/div>\n\t\t<\/section>\n\t\t\t\t<div class=\"elementor-element elementor-element-fe2ccb9 elementor-widget__width-initial elementor-widget elementor-widget-video\" data-id=\"fe2ccb9\" data-element_type=\"widget\" data-e-type=\"widget\" data-settings=\"{&quot;video_type&quot;:&quot;hosted&quot;,&quot;autoplay&quot;:&quot;yes&quot;,&quot;loop&quot;:&quot;yes&quot;,&quot;motion_fx_motion_fx_scrolling&quot;:&quot;yes&quot;,&quot;motion_fx_translateY_effect&quot;:&quot;yes&quot;,&quot;motion_fx_translateY_speed&quot;:{&quot;unit&quot;:&quot;px&quot;,&quot;size&quot;:4,&quot;sizes&quot;:[]},&quot;motion_fx_translateY_affectedRange&quot;:{&quot;unit&quot;:&quot;%&quot;,&quot;size&quot;:&quot;&quot;,&quot;sizes&quot;:{&quot;start&quot;:0,&quot;end&quot;:100}},&quot;motion_fx_devices&quot;:[&quot;desktop&quot;,&quot;tablet&quot;,&quot;mobile&quot;]}\" data-widget_type=\"video.default\">\n\t\t\t\t<div class=\"elementor-widget-container\">\n\t\t\t\t\t\t\t<div class=\"e-hosted-video elementor-wrapper elementor-open-inline\">\n\t\t\t\t\t<video class=\"elementor-video\" src=\"https:\/\/latte.com.br\/wp-content\/uploads\/2025\/06\/Site-YouPix_quadrado.mp4\" autoplay=\"\" loop=\"\" controlsList=\"nodownload\" poster=\"https:\/\/latte.com.br\/wp-content\/uploads\/2025\/06\/Post_YPX_Site.jpg\"><\/video>\n\t\t\t\t<\/div>\n\t\t\t\t\t\t<\/div>\n\t\t\t\t<\/div>\n\t\t\t\t\t<\/div>\n\t\t<\/div>\n\t\t\t\t\t<\/div>\n\t\t<\/section>\n\t\t\t\t<section class=\"elementor-section elementor-top-section elementor-element elementor-element-3b4478b section-light elementor-section-boxed elementor-section-height-default elementor-section-height-default\" data-id=\"3b4478b\" data-element_type=\"section\" data-e-type=\"section\" data-settings=\"{&quot;background_background&quot;:&quot;classic&quot;}\">\n\t\t\t\t\t\t<div class=\"elementor-container elementor-column-gap-default\">\n\t\t\t\t\t<div class=\"elementor-column elementor-col-100 elementor-top-column elementor-element elementor-element-810a189\" data-id=\"810a189\" data-element_type=\"column\" data-e-type=\"column\">\n\t\t\t<div class=\"elementor-widget-wrap elementor-element-populated\">\n\t\t\t\t\t\t<section class=\"elementor-section elementor-inner-section elementor-element elementor-element-dbdaaf6 elementor-section-boxed elementor-section-height-default elementor-section-height-default\" data-id=\"dbdaaf6\" data-element_type=\"section\" data-e-type=\"section\">\n\t\t\t\t\t\t<div class=\"elementor-container elementor-column-gap-default\">\n\t\t\t\t\t<div class=\"elementor-column elementor-col-50 elementor-inner-column elementor-element elementor-element-dbac432\" data-id=\"dbac432\" data-element_type=\"column\" data-e-type=\"column\">\n\t\t\t<div class=\"elementor-widget-wrap elementor-element-populated\">\n\t\t\t\t\t\t<div class=\"elementor-element elementor-element-be58a40 elementor-hidden-phone elementor-widget-divider--view-line elementor-invisible elementor-widget elementor-widget-divider\" data-id=\"be58a40\" data-element_type=\"widget\" data-e-type=\"widget\" data-settings=\"{&quot;_animation&quot;:&quot;fadeInLeft&quot;}\" data-widget_type=\"divider.default\">\n\t\t\t\t<div class=\"elementor-widget-container\">\n\t\t\t\t\t\t\t<div class=\"elementor-divider\">\n\t\t\t<span class=\"elementor-divider-separator\">\n\t\t\t\t\t\t<\/span>\n\t\t<\/div>\n\t\t\t\t\t\t<\/div>\n\t\t\t\t<\/div>\n\t\t\t\t\t<\/div>\n\t\t<\/div>\n\t\t\t\t<div class=\"elementor-column elementor-col-50 elementor-inner-column elementor-element elementor-element-cfa6159\" data-id=\"cfa6159\" data-element_type=\"column\" data-e-type=\"column\">\n\t\t\t<div class=\"elementor-widget-wrap elementor-element-populated\">\n\t\t\t\t\t\t<div class=\"elementor-element elementor-element-1ca2183 elementor-widget elementor-widget-heading\" data-id=\"1ca2183\" data-element_type=\"widget\" data-e-type=\"widget\" data-widget_type=\"heading.default\">\n\t\t\t\t<div class=\"elementor-widget-container\">\n\t\t\t\t\t<h5 class=\"elementor-heading-title elementor-size-default\">SERVI\u00c7OS<\/h5>\t\t\t\t<\/div>\n\t\t\t\t<\/div>\n\t\t\t\t\t<\/div>\n\t\t<\/div>\n\t\t\t\t\t<\/div>\n\t\t<\/section>\n\t\t\t\t<section class=\"elementor-section elementor-inner-section elementor-element elementor-element-60b41df elementor-section-boxed elementor-section-height-default elementor-section-height-default\" data-id=\"60b41df\" data-element_type=\"section\" data-e-type=\"section\">\n\t\t\t\t\t\t<div class=\"elementor-container elementor-column-gap-default\">\n\t\t\t\t\t<div class=\"elementor-column elementor-col-33 elementor-inner-column elementor-element elementor-element-11a68be elementor-invisible\" data-id=\"11a68be\" data-element_type=\"column\" data-e-type=\"column\" data-settings=\"{&quot;animation&quot;:&quot;fadeInUp&quot;}\">\n\t\t\t<div class=\"elementor-widget-wrap elementor-element-populated\">\n\t\t\t\t\t\t<div class=\"elementor-element elementor-element-90a11f6 elementor-widget elementor-widget-image\" data-id=\"90a11f6\" data-element_type=\"widget\" data-e-type=\"widget\" data-widget_type=\"image.default\">\n\t\t\t\t<div class=\"elementor-widget-container\">\n\t\t\t\t\t\t\t\t\t\t\t\t\t\t\t<img decoding=\"async\" width=\"600\" height=\"800\" src=\"https:\/\/latte.com.br\/wp-content\/uploads\/2025\/06\/site-glaucia2.jpg\" class=\"attachment-large size-large wp-image-3598\" alt=\"\" srcset=\"https:\/\/latte.com.br\/wp-content\/uploads\/2025\/06\/site-glaucia2.jpg 600w, https:\/\/latte.com.br\/wp-content\/uploads\/2025\/06\/site-glaucia2-225x300.jpg 225w, https:\/\/latte.com.br\/wp-content\/uploads\/2025\/06\/site-glaucia2-9x12.jpg 9w\" sizes=\"(max-width: 600px) 100vw, 600px\" title=\"\">\t\t\t\t\t\t\t\t\t\t\t\t\t\t\t<\/div>\n\t\t\t\t<\/div>\n\t\t\t\t<div class=\"elementor-element elementor-element-35ae1f6 elementor-widget elementor-widget-heading\" data-id=\"35ae1f6\" data-element_type=\"widget\" data-e-type=\"widget\" data-widget_type=\"heading.default\">\n\t\t\t\t<div class=\"elementor-widget-container\">\n\t\t\t\t\t<h3 class=\"elementor-heading-title elementor-size-default\">Estrat\u00e9gia e Cria\u00e7\u00e3o<\/h3>\t\t\t\t<\/div>\n\t\t\t\t<\/div>\n\t\t\t\t<div class=\"elementor-element elementor-element-978f545 elementor-widget elementor-widget-text-editor\" data-id=\"978f545\" data-element_type=\"widget\" data-e-type=\"widget\" data-widget_type=\"text-editor.default\">\n\t\t\t\t<div class=\"elementor-widget-container\">\n\t\t\t\t\t\t\t\t\t<p>A cria\u00e7\u00e3o come\u00e7a com uma imers\u00e3o no universo da marca, analisando o mercado, as tend\u00eancias de design e os caminhos visuais mais relevantes. Cada escolha \u00e9 pensada para destacar sua identidade e traduzir, com personalidade, a ess\u00eancia da sua marca no digital.<\/p>\t\t\t\t\t\t\t\t<\/div>\n\t\t\t\t<\/div>\n\t\t\t\t\t<\/div>\n\t\t<\/div>\n\t\t\t\t<div class=\"elementor-column elementor-col-33 elementor-inner-column elementor-element elementor-element-1e19ed5 elementor-invisible\" data-id=\"1e19ed5\" data-element_type=\"column\" data-e-type=\"column\" data-settings=\"{&quot;animation&quot;:&quot;fadeInUp&quot;,&quot;animation_delay&quot;:500}\">\n\t\t\t<div class=\"elementor-widget-wrap elementor-element-populated\">\n\t\t\t\t\t\t<div class=\"elementor-element elementor-element-d5eee83 elementor-widget elementor-widget-heading\" data-id=\"d5eee83\" data-element_type=\"widget\" data-e-type=\"widget\" data-widget_type=\"heading.default\">\n\t\t\t\t<div class=\"elementor-widget-container\">\n\t\t\t\t\t<h3 class=\"elementor-heading-title elementor-size-default\">Desenvolvimento em WordPress + Elementor<\/h3>\t\t\t\t<\/div>\n\t\t\t\t<\/div>\n\t\t\t\t<div class=\"elementor-element elementor-element-0125898 elementor-widget elementor-widget-text-editor\" data-id=\"0125898\" data-element_type=\"widget\" data-e-type=\"widget\" data-widget_type=\"text-editor.default\">\n\t\t\t\t<div class=\"elementor-widget-container\">\n\t\t\t\t\t\t\t\t\t<p>Desenvolvimento de sites em WordPress com o construtor Elementor, que oferece uma interface intuitiva e f\u00e1cil de editar, aliado \u00e0s boas pr\u00e1ticas de indexa\u00e7\u00e3o em sites de busca.<\/p>\t\t\t\t\t\t\t\t<\/div>\n\t\t\t\t<\/div>\n\t\t\t\t<div class=\"elementor-element elementor-element-8210b0b elementor-widget elementor-widget-image\" data-id=\"8210b0b\" data-element_type=\"widget\" data-e-type=\"widget\" data-widget_type=\"image.default\">\n\t\t\t\t<div class=\"elementor-widget-container\">\n\t\t\t\t\t\t\t\t\t\t\t\t\t\t\t<img decoding=\"async\" width=\"600\" height=\"800\" src=\"https:\/\/latte.com.br\/wp-content\/uploads\/2025\/06\/site-wordpress2.jpg\" class=\"attachment-large size-large wp-image-3592\" alt=\"\" srcset=\"https:\/\/latte.com.br\/wp-content\/uploads\/2025\/06\/site-wordpress2.jpg 600w, https:\/\/latte.com.br\/wp-content\/uploads\/2025\/06\/site-wordpress2-225x300.jpg 225w, https:\/\/latte.com.br\/wp-content\/uploads\/2025\/06\/site-wordpress2-9x12.jpg 9w\" sizes=\"(max-width: 600px) 100vw, 600px\" title=\"\">\t\t\t\t\t\t\t\t\t\t\t\t\t\t\t<\/div>\n\t\t\t\t<\/div>\n\t\t\t\t\t<\/div>\n\t\t<\/div>\n\t\t\t\t<div class=\"elementor-column elementor-col-33 elementor-inner-column elementor-element elementor-element-6417700 elementor-invisible\" data-id=\"6417700\" data-element_type=\"column\" data-e-type=\"column\" data-settings=\"{&quot;animation&quot;:&quot;fadeInUp&quot;,&quot;animation_delay&quot;:1000}\">\n\t\t\t<div class=\"elementor-widget-wrap elementor-element-populated\">\n\t\t\t\t\t\t<div class=\"elementor-element elementor-element-b75ecbc elementor-widget elementor-widget-image\" data-id=\"b75ecbc\" data-element_type=\"widget\" data-e-type=\"widget\" data-widget_type=\"image.default\">\n\t\t\t\t<div class=\"elementor-widget-container\">\n\t\t\t\t\t\t\t\t\t\t\t\t\t\t\t<img loading=\"lazy\" decoding=\"async\" width=\"600\" height=\"800\" src=\"https:\/\/latte.com.br\/wp-content\/uploads\/2025\/06\/guia-site.jpg\" class=\"attachment-large size-large wp-image-3593\" alt=\"\" srcset=\"https:\/\/latte.com.br\/wp-content\/uploads\/2025\/06\/guia-site.jpg 600w, https:\/\/latte.com.br\/wp-content\/uploads\/2025\/06\/guia-site-225x300.jpg 225w, https:\/\/latte.com.br\/wp-content\/uploads\/2025\/06\/guia-site-9x12.jpg 9w\" sizes=\"(max-width: 600px) 100vw, 600px\" title=\"\">\t\t\t\t\t\t\t\t\t\t\t\t\t\t\t<\/div>\n\t\t\t\t<\/div>\n\t\t\t\t<div class=\"elementor-element elementor-element-09bd39b elementor-widget elementor-widget-heading\" data-id=\"09bd39b\" data-element_type=\"widget\" data-e-type=\"widget\" data-widget_type=\"heading.default\">\n\t\t\t\t<div class=\"elementor-widget-container\">\n\t\t\t\t\t<h3 class=\"elementor-heading-title elementor-size-default\">Treinamento e Guia de Edi\u00e7\u00e3o do Site<\/h3>\t\t\t\t<\/div>\n\t\t\t\t<\/div>\n\t\t\t\t<div class=\"elementor-element elementor-element-8611c07 elementor-widget elementor-widget-text-editor\" data-id=\"8611c07\" data-element_type=\"widget\" data-e-type=\"widget\" data-widget_type=\"text-editor.default\">\n\t\t\t\t<div class=\"elementor-widget-container\">\n\t\t\t\t\t\t\t\t\t<p>Ao final do projeto, voc\u00ea recebe um treinamento personalizado e um Guia de Edi\u00e7\u00e3o do Site, facilitando atualiza\u00e7\u00f5es com autonomia, sem a obrigatoriedade de planos mensais de manuten\u00e7\u00e3o.<\/p>\t\t\t\t\t\t\t\t<\/div>\n\t\t\t\t<\/div>\n\t\t\t\t\t<\/div>\n\t\t<\/div>\n\t\t\t\t\t<\/div>\n\t\t<\/section>\n\t\t\t\t\t<\/div>\n\t\t<\/div>\n\t\t\t\t\t<\/div>\n\t\t<\/section>\n\t\t\t\t<\/div>\n\t\t","protected":false},"excerpt":{"rendered":"<p>Websites Cria\u00e7\u00e3o e desenvolvimento de sites e landing pages para marcas e campanhas que desejam se expressar com autenticidade no meio digital. Est\u00e9tica flu\u00edda, impacto visual alinhados \u00e0 estrat\u00e9gia de mercado e tend\u00eancias de design. https:\/\/latte.com.br\/wp-content\/uploads\/2025\/06\/Site-YouPix_quadrado.mp4 SERVI\u00c7OS Estrat\u00e9gia e Cria\u00e7\u00e3o A cria\u00e7\u00e3o come\u00e7a com uma imers\u00e3o no universo da marca, analisando o mercado, as tend\u00eancias [&hellip;]<\/p>\n","protected":false},"author":1,"featured_media":1755,"parent":0,"menu_order":0,"comment_status":"closed","ping_status":"closed","template":"elementor_header_footer","meta":{"footnotes":""},"class_list":["post-3564","page","type-page","status-publish","has-post-thumbnail","hentry"],"_links":{"self":[{"href":"https:\/\/latte.com.br\/en\/wp-json\/wp\/v2\/pages\/3564","targetHints":{"allow":["GET"]}}],"collection":[{"href":"https:\/\/latte.com.br\/en\/wp-json\/wp\/v2\/pages"}],"about":[{"href":"https:\/\/latte.com.br\/en\/wp-json\/wp\/v2\/types\/page"}],"author":[{"embeddable":true,"href":"https:\/\/latte.com.br\/en\/wp-json\/wp\/v2\/users\/1"}],"replies":[{"embeddable":true,"href":"https:\/\/latte.com.br\/en\/wp-json\/wp\/v2\/comments?post=3564"}],"version-history":[{"count":32,"href":"https:\/\/latte.com.br\/en\/wp-json\/wp\/v2\/pages\/3564\/revisions"}],"predecessor-version":[{"id":3617,"href":"https:\/\/latte.com.br\/en\/wp-json\/wp\/v2\/pages\/3564\/revisions\/3617"}],"wp:featuredmedia":[{"embeddable":true,"href":"https:\/\/latte.com.br\/en\/wp-json\/wp\/v2\/media\/1755"}],"wp:attachment":[{"href":"https:\/\/latte.com.br\/en\/wp-json\/wp\/v2\/media?parent=3564"}],"curies":[{"name":"wp","href":"https:\/\/api.w.org\/{rel}","templated":true}]}}