{"id":3,"date":"2021-01-11T09:47:12","date_gmt":"2021-01-11T12:47:12","guid":{"rendered":"https:\/\/latte.com.br\/?page_id=3"},"modified":"2021-05-30T17:43:53","modified_gmt":"2021-05-30T20:43:53","slug":"politica-de-privacidade","status":"publish","type":"page","link":"https:\/\/latte.com.br\/es\/politica-de-privacidade\/","title":{"rendered":"Pol\u00edtica de privacidad"},"content":{"rendered":"<div data-elementor-type=\"wp-page\" data-elementor-id=\"3\" class=\"elementor elementor-3\" data-elementor-post-type=\"page\">\n\t\t\t\t\t\t<section class=\"elementor-section elementor-top-section elementor-element elementor-element-180bb0ee elementor-section-boxed elementor-section-height-default elementor-section-height-default\" data-id=\"180bb0ee\" data-element_type=\"section\" data-e-type=\"section\" data-settings=\"{&quot;background_background&quot;:&quot;classic&quot;}\">\n\t\t\t\t\t\t<div class=\"elementor-container elementor-column-gap-default\">\n\t\t\t\t\t<div class=\"elementor-column elementor-col-100 elementor-top-column elementor-element elementor-element-1828d2fc\" data-id=\"1828d2fc\" data-element_type=\"column\" data-e-type=\"column\">\n\t\t\t<div class=\"elementor-widget-wrap elementor-element-populated\">\n\t\t\t\t\t\t<div class=\"elementor-element elementor-element-56c2990 elementor-widget elementor-widget-heading\" data-id=\"56c2990\" data-element_type=\"widget\" data-e-type=\"widget\" data-widget_type=\"heading.default\">\n\t\t\t\t<div class=\"elementor-widget-container\">\n\t\t\t\t\t<h5 class=\"elementor-heading-title elementor-size-default\">Pol\u00edtica de privacidad<\/h5>\t\t\t\t<\/div>\n\t\t\t\t<\/div>\n\t\t\t\t<div class=\"elementor-element elementor-element-4725e6dd elementor-widget elementor-widget-text-editor\" data-id=\"4725e6dd\" data-element_type=\"widget\" data-e-type=\"widget\" data-widget_type=\"text-editor.default\">\n\t\t\t\t<div class=\"elementor-widget-container\">\n\t\t\t\t\t\t\t\t\t<p>Esta pol\u00edtica de privacidad establece c\u00f3mo LATTE DESIGN utiliza y protege cualquier informaci\u00f3n que usted atribuya a LATTE DESIGN cuando utiliza este sitio web.<\/p>\n<p>LATTE DESIGN se compromete a garantizar que su privacidad est\u00e9 protegida de acuerdo con la Ley General de Protecci\u00f3n de Datos Personales (LGPD).<\/p>\n<p>Le solicitamos que proporcione cierta informaci\u00f3n a trav\u00e9s de los formularios de contacto si desea contactar con LATTE DESIGN. Puede estar seguro de que s\u00f3lo se utilizar\u00e1 de acuerdo con esta declaraci\u00f3n de privacidad y de acuerdo con la legislaci\u00f3n LGPD.<\/p>\n<p>LATTE DESIGN puede cambiar esta pol\u00edtica de vez en cuando actualizando esta p\u00e1gina. Debe consultar esta p\u00e1gina de vez en cuando para asegurarse de que est\u00e1 satisfecho con los cambios. Esta pol\u00edtica entra en vigor el 20 de enero de 2021.<\/p>\n<p><strong>Pol\u00edtica de cookies<\/strong><\/p>\n<p>Utilizamos cookies para mejorar el rendimiento y su experiencia de usuario en nuestro sitio web:<\/p>\n<p><strong>\u00bfQu\u00e9 son las cookies?<\/strong><\/p>\n<p>Las cookies son peque\u00f1os archivos de texto que un sitio web, cuando se visita, inserta en el ordenador o dispositivo m\u00f3vil del usuario, a trav\u00e9s del navegador de Internet. La inserci\u00f3n de cookies ayudar\u00e1 al sitio web a reconocer su dispositivo en su pr\u00f3xima visita. Utilizamos el t\u00e9rmino cookies en esta pol\u00edtica para referirnos a todos los archivos que recopilan informaci\u00f3n de esta forma.<\/p>\n<p>Las cookies utilizadas no recogen informaci\u00f3n que identifique al usuario, sin embargo, podemos realizar un seguimiento de sus visitas al sitio web siempre que, al menos una vez, haya iniciado su navegaci\u00f3n a partir de una comunicaci\u00f3n enviada por nosotros. Las cookies tambi\u00e9n recopilan informaci\u00f3n gen\u00e9rica, en concreto, c\u00f3mo los usuarios llegan y utilizan los sitios web o la zona del pa\u00eds\/pa\u00edses a trav\u00e9s de los cuales acceden al sitio web, etc.<\/p>\n<p>Las cookies s\u00f3lo retienen informaci\u00f3n relacionada con sus preferencias. La mayor\u00eda de los navegadores est\u00e1n configurados para aceptar cookies autom\u00e1ticamente. Pero, si no acepta autorizar la recopilaci\u00f3n de cookies, puede desactivarla en cualquier momento.<\/p>\n<p>En cualquier momento, el usuario puede, a trav\u00e9s de su navegador de Internet, decidir ser avisado de la recepci\u00f3n de cookies, as\u00ed como bloquear su entrada en su sistema.<\/p>\n<p><strong>Para que sirven las cookies<\/strong><\/p>\n<p>Las cookies se utilizan para ayudar a determinar la utilidad, el inter\u00e9s y el n\u00famero de usos de los sitios web, permitiendo una navegaci\u00f3n m\u00e1s r\u00e1pida y eficiente y eliminando la necesidad de ingresar repetidamente la misma informaci\u00f3n.<\/p>\n<p><strong>\u00bfQu\u00e9 tipos de cookies utilizamos?<\/strong><\/p>\n<p>Nuestras cookies tienen diferentes funciones:<\/p>\n<p>Cookies anal\u00edticas: utilizamos estas cookies para analizar c\u00f3mo los usuarios utilizan el sitio web y controlar su rendimiento. Esto nos permite brindar una experiencia de alta calidad al personalizar nuestra oferta e identificar y solucionar r\u00e1pidamente cualquier problema que surja. Por ejemplo, utilizamos cookies de rendimiento para descubrir qu\u00e9 p\u00e1ginas son m\u00e1s populares, qu\u00e9 m\u00e9todo de vinculaci\u00f3n entre p\u00e1ginas es m\u00e1s efectivo o para determinar por qu\u00e9 algunas p\u00e1ginas reciben mensajes de error. Seg\u00fan el uso del sitio, tambi\u00e9n podemos utilizar estas cookies para resaltar art\u00edculos o servicios en el sitio que creemos que ser\u00e1n de inter\u00e9s para los usuarios. Estas cookies se utilizan \u00fanicamente con fines de creaci\u00f3n y an\u00e1lisis estad\u00edstico, sin recopilar en ning\u00fan caso informaci\u00f3n personal.<\/p>\n<p>En definitiva, las cookies de funcionalidad almacenan las preferencias del usuario respecto al uso del sitio web, de modo que no es necesario reconfigurar el sitio web cada vez que lo visita.<\/p>\n<p>Cookies de terceros \u2013 Sirven para medir el \u00e9xito de las aplicaciones y la efectividad de la publicidad de terceros en nuestro sitio web.<\/p>\n<p>Cookies publicitarias \u2013 Sirven para orientar la publicidad en funci\u00f3n de los intereses de cada usuario y del n\u00famero de visitas realizadas, permiti\u00e9ndole limitar el n\u00famero de veces que se visualiza el anuncio. Estas cookies ayudan a medir la eficacia de la publicidad.<\/p>\n<p>Las cookies utilizadas pueden ser:<\/p>\n<p>Cookies permanentes \u2013 Se almacenan a nivel del navegador de Internet en sus dispositivos de acceso (pc, m\u00f3vil y tableta) y se utilizan cada vez que el usuario realiza una nueva visita al sitio web. Generalmente se utilizan para orientar la navegaci\u00f3n seg\u00fan los intereses del usuario, permiti\u00e9ndonos prestar un servicio m\u00e1s personalizado.<\/p>\n<p>Cookies de sesi\u00f3n: son temporales y permanecen en las cookies de su navegador de Internet hasta que abandone el sitio web. La informaci\u00f3n obtenida le permite identificar problemas y brindar una mejor experiencia de navegaci\u00f3n. Despu\u00e9s de autorizar el uso de cookies, el usuario siempre podr\u00e1 desactivar parte o la totalidad de nuestras cookies. Todos los navegadores permiten al usuario aceptar, rechazar o eliminar las cookies, en particular seleccionando la configuraci\u00f3n apropiada en el navegador respectivo.<\/p>\n<p>Tenga en cuenta que al desactivar las cookies, es posible que algunas partes de nuestro sitio web no funcionen correctamente.<\/p>\n<p><strong>Pol\u00edtica de datos<\/strong><\/p>\n<p>Podemos recopilar la siguiente informaci\u00f3n:<\/p>\n<p>un nombre;<\/p>\n<p>b) informaci\u00f3n de contacto, incluida la direcci\u00f3n de correo electr\u00f3nico y el n\u00famero de tel\u00e9fono;<\/p>\n<p>c) informaci\u00f3n demogr\u00e1fica, preferencias e intereses;<\/p>\n<p>d) otra informaci\u00f3n relevante para que podamos comunicarnos con usted;<\/p>\n<p>Le pediremos su permiso para comunicarnos con usted. Si nos autoriza, utilizaremos el correo electr\u00f3nico para comunicarle elementos que creemos que pueden ser de su inter\u00e9s, incluida informaci\u00f3n, actualizaciones y ofertas de la empresa. Si no desea recibir estas comunicaciones, tendr\u00e1 la oportunidad de darse de baja haciendo clic en el enlace para darse de baja en la parte inferior de cada correo electr\u00f3nico.<\/p>\n<p><strong>\u00bfQu\u00e9 hacemos con la informaci\u00f3n que recopilamos?<\/strong><\/p>\n<p>Requerimos esta informaci\u00f3n para comprender sus necesidades y brindarle un mejor servicio, y en particular por las siguientes razones:<\/p>\n<p>a) mantenimiento de registros internos;<\/p>\n<p>b) podemos utilizar la informaci\u00f3n para mejorar nuestros productos y servicios;<\/p>\n<p>c) podemos enviar peri\u00f3dicamente correos electr\u00f3nicos promocionales sobre nuevos productos, ofertas especiales u otra informaci\u00f3n que pueda resultarle interesante utilizando la direcci\u00f3n de correo electr\u00f3nico que nos ha proporcionado;<\/p>\n<p>d) de vez en cuando, tambi\u00e9n podemos utilizar su informaci\u00f3n para comunicarnos con usted con fines de investigaci\u00f3n de mercado. Podemos comunicarnos con usted por correo electr\u00f3nico. Podemos utilizar la informaci\u00f3n para personalizar el sitio web de acuerdo con sus intereses.<\/p>\n<p><strong>Seguridad<\/strong><\/p>\n<p>Estamos comprometidos a garantizar que su informaci\u00f3n permanezca segura. Para evitar el acceso no autorizado o la divulgaci\u00f3n de los datos recopilados, debemos implementar procedimientos electr\u00f3nicos y administrativos apropiados para salvaguardar y proteger la informaci\u00f3n que recopilamos en l\u00ednea.<\/p>\n<p><strong>Controlar su informaci\u00f3n personal<\/strong><\/p>\n<p>Si no autoriza o no acepta, puede optar por restringir la recopilaci\u00f3n o el uso de su informaci\u00f3n personal de las siguientes maneras:<\/p>\n<p>a) cada vez que se le solicite completar un formulario en el sitio web, busque la casilla en la que puede hacer clic para indicar que no desea que nadie utilice la informaci\u00f3n para ning\u00fan prop\u00f3sito;<\/p>\n<p>b) si ha aceptado utilizar su informaci\u00f3n personal para cualquier prop\u00f3sito, puede cambiar de opini\u00f3n en cualquier momento contact\u00e1ndonos por correo electr\u00f3nico contato@latte.com.br.<\/p>\n<p>No venderemos, distribuiremos ni daremos su informaci\u00f3n personal a terceros a menos que tengamos su permiso o la ley nos exija hacerlo. Podemos utilizar su informaci\u00f3n personal para envi\u00e1rsela si nos dice que da su consentimiento para que esto suceda. Puede solicitar detalles de la informaci\u00f3n personal que tenemos dentro del alcance de la protecci\u00f3n de datos.<\/p>\n<p>Si desea una copia de la informaci\u00f3n que tenemos para usted, escriba a contato@latte.com.br. Si cree que alguna informaci\u00f3n sobre usted es incorrecta o est\u00e1 incompleta, escriba a contato@latte.com.br. Corregiremos de inmediato cualquier informaci\u00f3n que se considere incorrecta.<\/p>\n<p><strong>Enlaces a otros sitios web<\/strong><\/p>\n<p>Este sitio web contiene enlaces a otros sitios web. No somos responsables de las pr\u00e1cticas de privacidad ni del contenido de estos otros sitios.<\/p>\n<p>Los visitantes deben consultar las declaraciones de pol\u00edtica de privacidad de estos otros sitios para comprender sus pol\u00edticas. Es responsabilidad del usuario mantener su informaci\u00f3n personal privada y confidencial. Todo el dominio no puede rastrear su actividad de navegaci\u00f3n en estos otros sitios web.<\/p>\t\t\t\t\t\t\t\t<\/div>\n\t\t\t\t<\/div>\n\t\t\t\t\t<\/div>\n\t\t<\/div>\n\t\t\t\t\t<\/div>\n\t\t<\/section>\n\t\t\t\t<\/div>","protected":false},"excerpt":{"rendered":"<p>Pol\u00edtica de Privacidade Esta pol\u00edtica de privacidade estabelece como a LATTE DESIGN usa e protege qualquer informa\u00e7\u00e3o que voc\u00ea atribua \u00e0 LATTE DESIGN quando voc\u00ea usa este site. A LATTE DESIGN compromete-se a garantir que sua privacidade seja protegida de acordo com a Lei Geral de Prote\u00e7\u00e3o de Dados Pessoais (LGPD). Solicitamos que voc\u00ea forne\u00e7a [&hellip;]<\/p>\n","protected":false},"author":1,"featured_media":0,"parent":0,"menu_order":0,"comment_status":"closed","ping_status":"open","template":"elementor_header_footer","meta":{"footnotes":""},"class_list":["post-3","page","type-page","status-publish","hentry"],"_links":{"self":[{"href":"https:\/\/latte.com.br\/es\/wp-json\/wp\/v2\/pages\/3","targetHints":{"allow":["GET"]}}],"collection":[{"href":"https:\/\/latte.com.br\/es\/wp-json\/wp\/v2\/pages"}],"about":[{"href":"https:\/\/latte.com.br\/es\/wp-json\/wp\/v2\/types\/page"}],"author":[{"embeddable":true,"href":"https:\/\/latte.com.br\/es\/wp-json\/wp\/v2\/users\/1"}],"replies":[{"embeddable":true,"href":"https:\/\/latte.com.br\/es\/wp-json\/wp\/v2\/comments?post=3"}],"version-history":[{"count":4,"href":"https:\/\/latte.com.br\/es\/wp-json\/wp\/v2\/pages\/3\/revisions"}],"predecessor-version":[{"id":1969,"href":"https:\/\/latte.com.br\/es\/wp-json\/wp\/v2\/pages\/3\/revisions\/1969"}],"wp:attachment":[{"href":"https:\/\/latte.com.br\/es\/wp-json\/wp\/v2\/media?parent=3"}],"curies":[{"name":"gracias","href":"https:\/\/api.w.org\/{rel}","templated":true}]}}